{"id":7670,"date":"2024-10-11T10:25:40","date_gmt":"2024-10-11T10:25:40","guid":{"rendered":"https:\/\/elektromobil-ersatzteile.ch\/?post_type=product&#038;p=7670"},"modified":"2024-10-11T14:21:26","modified_gmt":"2024-10-11T14:21:26","slug":"zuendschloss-set-elektromobil-2","status":"publish","type":"product","link":"https:\/\/elektromobil-ersatzteile.ch\/fr\/product\/zuendschloss-set-elektromobil-2\/","title":{"rendered":"Kit de serrures de contact pour v\u00e9hicule \u00e9lectrique"},"content":{"rendered":"<p>Kit de serrure de contact avec deux cl\u00e9s, mod\u00e8le Gentomobil ES4-quattro, ES5, ES5-ALL IN ONE.<\/p>\n<p>Ce kit de serrures de contact peut \u00eatre utilis\u00e9 de mani\u00e8re universelle.<\/p>","protected":false},"excerpt":{"rendered":"<p>Kit de serrure de contact avec deux cl\u00e9s, mod\u00e8le de v\u00e9hicule \u00e9lectrique ES4-quattro, ES5, ES5-ALL IN ONE.<\/p>","protected":false},"featured_media":7671,"comment_status":"open","ping_status":"closed","template":"","meta":{"_uag_custom_page_level_css":"","site-sidebar-layout":"default","site-content-layout":"","ast-site-content-layout":"default","site-content-style":"default","site-sidebar-style":"default","ast-global-header-display":"","ast-banner-title-visibility":"","ast-main-header-display":"","ast-hfb-above-header-display":"","ast-hfb-below-header-display":"","ast-hfb-mobile-header-display":"","site-post-title":"","ast-breadcrumbs-content":"","ast-featured-img":"","footer-sml-layout":"","ast-disable-related-posts":"","theme-transparent-header-meta":"default","adv-header-id-meta":"","stick-header-meta":"","header-above-stick-meta":"","header-main-stick-meta":"","header-below-stick-meta":"","astra-migrate-meta-layouts":"set","ast-page-background-enabled":"default","ast-page-background-meta":{"desktop":{"background-color":"","background-image":"","background-repeat":"repeat","background-position":"center center","background-size":"auto","background-attachment":"scroll","background-type":"","background-media":"","overlay-type":"","overlay-color":"","overlay-opacity":"","overlay-gradient":""},"tablet":{"background-color":"","background-image":"","background-repeat":"repeat","background-position":"center center","background-size":"auto","background-attachment":"scroll","background-type":"","background-media":"","overlay-type":"","overlay-color":"","overlay-opacity":"","overlay-gradient":""},"mobile":{"background-color":"","background-image":"","background-repeat":"repeat","background-position":"center center","background-size":"auto","background-attachment":"scroll","background-type":"","background-media":"","overlay-type":"","overlay-color":"","overlay-opacity":"","overlay-gradient":""}},"ast-content-background-meta":{"desktop":{"background-color":"var(--ast-global-color-5)","background-image":"","background-repeat":"repeat","background-position":"center center","background-size":"auto","background-attachment":"scroll","background-type":"","background-media":"","overlay-type":"","overlay-color":"","overlay-opacity":"","overlay-gradient":""},"tablet":{"background-color":"var(--ast-global-color-5)","background-image":"","background-repeat":"repeat","background-position":"center center","background-size":"auto","background-attachment":"scroll","background-type":"","background-media":"","overlay-type":"","overlay-color":"","overlay-opacity":"","overlay-gradient":""},"mobile":{"background-color":"var(--ast-global-color-5)","background-image":"","background-repeat":"repeat","background-position":"center center","background-size":"auto","background-attachment":"scroll","background-type":"","background-media":"","overlay-type":"","overlay-color":"","overlay-opacity":"","overlay-gradient":""}}},"product_brand":[],"product_cat":[17,36,35,32,24],"product_tag":[],"class_list":{"0":"post-7670","1":"product","2":"type-product","3":"status-publish","4":"has-post-thumbnail","6":"product_cat-elektromobil-ersatzteile","7":"product_cat-es3-all-in-one","8":"product_cat-es4-all-in-one","9":"product_cat-es4-quattro","10":"product_cat-es5-all-in-one","11":"desktop-align-left","12":"tablet-align-left","13":"mobile-align-left","15":"first","16":"instock","17":"sold-individually","18":"taxable","19":"shipping-taxable","20":"purchasable","21":"product-type-simple"},"aioseo_notices":[],"uagb_featured_image_src":{"full":["https:\/\/elektromobil-ersatzteile.ch\/wp-content\/uploads\/2024\/10\/Zylinderschloss-Set-Kopie-4.png",3024,3024,false],"thumbnail":["https:\/\/elektromobil-ersatzteile.ch\/wp-content\/uploads\/2024\/10\/Zylinderschloss-Set-Kopie-4-150x150.png",150,150,true],"medium":["https:\/\/elektromobil-ersatzteile.ch\/wp-content\/uploads\/2024\/10\/Zylinderschloss-Set-Kopie-4-300x300.png",300,300,true],"medium_large":["https:\/\/elektromobil-ersatzteile.ch\/wp-content\/uploads\/2024\/10\/Zylinderschloss-Set-Kopie-4-768x768.png",768,768,true],"large":["https:\/\/elektromobil-ersatzteile.ch\/wp-content\/uploads\/2024\/10\/Zylinderschloss-Set-Kopie-4-1024x1024.png",1024,1024,true],"1536x1536":["https:\/\/elektromobil-ersatzteile.ch\/wp-content\/uploads\/2024\/10\/Zylinderschloss-Set-Kopie-4-1536x1536.png",1536,1536,true],"2048x2048":["https:\/\/elektromobil-ersatzteile.ch\/wp-content\/uploads\/2024\/10\/Zylinderschloss-Set-Kopie-4-2048x2048.png",2048,2048,true],"trp-custom-language-flag":["https:\/\/elektromobil-ersatzteile.ch\/wp-content\/uploads\/2024\/10\/Zylinderschloss-Set-Kopie-4.png",12,12,false],"woocommerce_thumbnail":["https:\/\/elektromobil-ersatzteile.ch\/wp-content\/uploads\/2024\/10\/Zylinderschloss-Set-Kopie-4-300x300.png",300,300,true],"woocommerce_single":["https:\/\/elektromobil-ersatzteile.ch\/wp-content\/uploads\/2024\/10\/Zylinderschloss-Set-Kopie-4-600x600.png",600,600,true],"woocommerce_gallery_thumbnail":["https:\/\/elektromobil-ersatzteile.ch\/wp-content\/uploads\/2024\/10\/Zylinderschloss-Set-Kopie-4-100x100.png",100,100,true]},"uagb_author_info":{"display_name":"gencturk.tolga","author_link":"https:\/\/elektromobil-ersatzteile.ch\/fr\/author\/"},"uagb_comment_info":0,"uagb_excerpt":"Z\u00fcndschloss Set mit zwei Schl\u00fcssel, Elektromobil Modell ES4-quattro, ES5, ES5-ALL IN ONE.","_links":{"self":[{"href":"https:\/\/elektromobil-ersatzteile.ch\/fr\/wp-json\/wp\/v2\/product\/7670","targetHints":{"allow":["GET"]}}],"collection":[{"href":"https:\/\/elektromobil-ersatzteile.ch\/fr\/wp-json\/wp\/v2\/product"}],"about":[{"href":"https:\/\/elektromobil-ersatzteile.ch\/fr\/wp-json\/wp\/v2\/types\/product"}],"replies":[{"embeddable":true,"href":"https:\/\/elektromobil-ersatzteile.ch\/fr\/wp-json\/wp\/v2\/comments?post=7670"}],"version-history":[{"count":1,"href":"https:\/\/elektromobil-ersatzteile.ch\/fr\/wp-json\/wp\/v2\/product\/7670\/revisions"}],"predecessor-version":[{"id":7672,"href":"https:\/\/elektromobil-ersatzteile.ch\/fr\/wp-json\/wp\/v2\/product\/7670\/revisions\/7672"}],"wp:featuredmedia":[{"embeddable":true,"href":"https:\/\/elektromobil-ersatzteile.ch\/fr\/wp-json\/wp\/v2\/media\/7671"}],"wp:attachment":[{"href":"https:\/\/elektromobil-ersatzteile.ch\/fr\/wp-json\/wp\/v2\/media?parent=7670"}],"wp:term":[{"taxonomy":"product_brand","embeddable":true,"href":"https:\/\/elektromobil-ersatzteile.ch\/fr\/wp-json\/wp\/v2\/product_brand?post=7670"},{"taxonomy":"product_cat","embeddable":true,"href":"https:\/\/elektromobil-ersatzteile.ch\/fr\/wp-json\/wp\/v2\/product_cat?post=7670"},{"taxonomy":"product_tag","embeddable":true,"href":"https:\/\/elektromobil-ersatzteile.ch\/fr\/wp-json\/wp\/v2\/product_tag?post=7670"}],"curies":[{"name":"wp","href":"https:\/\/api.w.org\/{rel}","templated":true}]}}