{"id":7416,"date":"2024-10-04T15:47:40","date_gmt":"2024-10-04T15:47:40","guid":{"rendered":"https:\/\/elektromobil-ersatzteile.ch\/?post_type=product&#038;p=7416"},"modified":"2024-10-11T11:01:13","modified_gmt":"2024-10-11T11:01:13","slug":"hinterrad-10-zoll-elektromobil","status":"publish","type":"product","link":"https:\/\/elektromobil-ersatzteile.ch\/fr\/product\/hinterrad-10-zoll-elektromobil\/","title":{"rendered":"V\u00e9hicule \u00e9lectrique \u00e0 jante arri\u00e8re"},"content":{"rendered":"<p>Jante de roue arri\u00e8re Gentomobil mod\u00e8le ES4. Pour pneus de 3,00 \u00e0 10 pouces.<\/p>","protected":false},"excerpt":{"rendered":"<p>Jante de roue arri\u00e8re Gentomobil mod\u00e8le ES4. Pour pneus de 3,00 \u00e0 10 pouces.<\/p>","protected":false},"featured_media":7417,"comment_status":"open","ping_status":"closed","template":"","meta":{"_uag_custom_page_level_css":"","site-sidebar-layout":"default","site-content-layout":"","ast-site-content-layout":"default","site-content-style":"default","site-sidebar-style":"default","ast-global-header-display":"","ast-banner-title-visibility":"","ast-main-header-display":"","ast-hfb-above-header-display":"","ast-hfb-below-header-display":"","ast-hfb-mobile-header-display":"","site-post-title":"","ast-breadcrumbs-content":"","ast-featured-img":"","footer-sml-layout":"","ast-disable-related-posts":"","theme-transparent-header-meta":"default","adv-header-id-meta":"","stick-header-meta":"","header-above-stick-meta":"","header-main-stick-meta":"","header-below-stick-meta":"","astra-migrate-meta-layouts":"set","ast-page-background-enabled":"default","ast-page-background-meta":{"desktop":{"background-color":"","background-image":"","background-repeat":"repeat","background-position":"center center","background-size":"auto","background-attachment":"scroll","background-type":"","background-media":"","overlay-type":"","overlay-color":"","overlay-opacity":"","overlay-gradient":""},"tablet":{"background-color":"","background-image":"","background-repeat":"repeat","background-position":"center center","background-size":"auto","background-attachment":"scroll","background-type":"","background-media":"","overlay-type":"","overlay-color":"","overlay-opacity":"","overlay-gradient":""},"mobile":{"background-color":"","background-image":"","background-repeat":"repeat","background-position":"center center","background-size":"auto","background-attachment":"scroll","background-type":"","background-media":"","overlay-type":"","overlay-color":"","overlay-opacity":"","overlay-gradient":""}},"ast-content-background-meta":{"desktop":{"background-color":"var(--ast-global-color-5)","background-image":"","background-repeat":"repeat","background-position":"center center","background-size":"auto","background-attachment":"scroll","background-type":"","background-media":"","overlay-type":"","overlay-color":"","overlay-opacity":"","overlay-gradient":""},"tablet":{"background-color":"var(--ast-global-color-5)","background-image":"","background-repeat":"repeat","background-position":"center center","background-size":"auto","background-attachment":"scroll","background-type":"","background-media":"","overlay-type":"","overlay-color":"","overlay-opacity":"","overlay-gradient":""},"mobile":{"background-color":"var(--ast-global-color-5)","background-image":"","background-repeat":"repeat","background-position":"center center","background-size":"auto","background-attachment":"scroll","background-type":"","background-media":"","overlay-type":"","overlay-color":"","overlay-opacity":"","overlay-gradient":""}}},"product_brand":[],"product_cat":[17,29],"product_tag":[],"class_list":{"0":"post-7416","1":"product","2":"type-product","3":"status-publish","4":"has-post-thumbnail","6":"product_cat-elektromobil-ersatzteile","7":"product_cat-elektromobil-es4","8":"desktop-align-left","9":"tablet-align-left","10":"mobile-align-left","12":"first","13":"instock","14":"sale","15":"sold-individually","16":"taxable","17":"shipping-taxable","18":"purchasable","19":"product-type-simple"},"aioseo_notices":[],"uagb_featured_image_src":{"full":["https:\/\/elektromobil-ersatzteile.ch\/wp-content\/uploads\/2024\/10\/Hinterradfelge-10-Zoll.png",3024,3024,false],"thumbnail":["https:\/\/elektromobil-ersatzteile.ch\/wp-content\/uploads\/2024\/10\/Hinterradfelge-10-Zoll-150x150.png",150,150,true],"medium":["https:\/\/elektromobil-ersatzteile.ch\/wp-content\/uploads\/2024\/10\/Hinterradfelge-10-Zoll-300x300.png",300,300,true],"medium_large":["https:\/\/elektromobil-ersatzteile.ch\/wp-content\/uploads\/2024\/10\/Hinterradfelge-10-Zoll-768x768.png",768,768,true],"large":["https:\/\/elektromobil-ersatzteile.ch\/wp-content\/uploads\/2024\/10\/Hinterradfelge-10-Zoll-1024x1024.png",1024,1024,true],"1536x1536":["https:\/\/elektromobil-ersatzteile.ch\/wp-content\/uploads\/2024\/10\/Hinterradfelge-10-Zoll-1536x1536.png",1536,1536,true],"2048x2048":["https:\/\/elektromobil-ersatzteile.ch\/wp-content\/uploads\/2024\/10\/Hinterradfelge-10-Zoll-2048x2048.png",2048,2048,true],"trp-custom-language-flag":["https:\/\/elektromobil-ersatzteile.ch\/wp-content\/uploads\/2024\/10\/Hinterradfelge-10-Zoll.png",12,12,false],"woocommerce_thumbnail":["https:\/\/elektromobil-ersatzteile.ch\/wp-content\/uploads\/2024\/10\/Hinterradfelge-10-Zoll-300x300.png",300,300,true],"woocommerce_single":["https:\/\/elektromobil-ersatzteile.ch\/wp-content\/uploads\/2024\/10\/Hinterradfelge-10-Zoll-600x600.png",600,600,true],"woocommerce_gallery_thumbnail":["https:\/\/elektromobil-ersatzteile.ch\/wp-content\/uploads\/2024\/10\/Hinterradfelge-10-Zoll-100x100.png",100,100,true]},"uagb_author_info":{"display_name":"gencturk.tolga","author_link":"https:\/\/elektromobil-ersatzteile.ch\/fr\/author\/"},"uagb_comment_info":0,"uagb_excerpt":"Hinterradfelge Gentomobil Modell ES4. F\u00fcr Reifengr\u00f6sse 3.00-10 Zoll.","_links":{"self":[{"href":"https:\/\/elektromobil-ersatzteile.ch\/fr\/wp-json\/wp\/v2\/product\/7416","targetHints":{"allow":["GET"]}}],"collection":[{"href":"https:\/\/elektromobil-ersatzteile.ch\/fr\/wp-json\/wp\/v2\/product"}],"about":[{"href":"https:\/\/elektromobil-ersatzteile.ch\/fr\/wp-json\/wp\/v2\/types\/product"}],"replies":[{"embeddable":true,"href":"https:\/\/elektromobil-ersatzteile.ch\/fr\/wp-json\/wp\/v2\/comments?post=7416"}],"version-history":[{"count":2,"href":"https:\/\/elektromobil-ersatzteile.ch\/fr\/wp-json\/wp\/v2\/product\/7416\/revisions"}],"predecessor-version":[{"id":7689,"href":"https:\/\/elektromobil-ersatzteile.ch\/fr\/wp-json\/wp\/v2\/product\/7416\/revisions\/7689"}],"wp:featuredmedia":[{"embeddable":true,"href":"https:\/\/elektromobil-ersatzteile.ch\/fr\/wp-json\/wp\/v2\/media\/7417"}],"wp:attachment":[{"href":"https:\/\/elektromobil-ersatzteile.ch\/fr\/wp-json\/wp\/v2\/media?parent=7416"}],"wp:term":[{"taxonomy":"product_brand","embeddable":true,"href":"https:\/\/elektromobil-ersatzteile.ch\/fr\/wp-json\/wp\/v2\/product_brand?post=7416"},{"taxonomy":"product_cat","embeddable":true,"href":"https:\/\/elektromobil-ersatzteile.ch\/fr\/wp-json\/wp\/v2\/product_cat?post=7416"},{"taxonomy":"product_tag","embeddable":true,"href":"https:\/\/elektromobil-ersatzteile.ch\/fr\/wp-json\/wp\/v2\/product_tag?post=7416"}],"curies":[{"name":"wp","href":"https:\/\/api.w.org\/{rel}","templated":true}]}}