{"id":6517,"date":"2024-09-08T12:57:34","date_gmt":"2024-09-08T12:57:34","guid":{"rendered":"https:\/\/elektromobil-ersatzteile.ch\/?post_type=product&#038;p=6517"},"modified":"2024-09-17T17:40:29","modified_gmt":"2024-09-17T17:40:29","slug":"elektromobil-stossdaempfer","status":"publish","type":"product","link":"https:\/\/elektromobil-ersatzteile.ch\/fr\/product\/elektromobil-stossdaempfer\/","title":{"rendered":"V\u00e9hicule \u00e9lectrique \u00e0 amortisseur"},"content":{"rendered":"<p>Amortisseur arri\u00e8re \u00e9lectromobile pour mod\u00e8le ES3-d &amp; ES4-D.<\/p>\n<p>Ces amortisseurs peuvent \u00eatre utilis\u00e9s de mani\u00e8re universelle.<\/p>","protected":false},"excerpt":{"rendered":"<p>Amortisseur \u00e9lectromobile arri\u00e8re.<\/p>","protected":false},"featured_media":6519,"comment_status":"open","ping_status":"closed","template":"","meta":{"_uag_custom_page_level_css":"","site-sidebar-layout":"default","site-content-layout":"","ast-site-content-layout":"default","site-content-style":"default","site-sidebar-style":"default","ast-global-header-display":"","ast-banner-title-visibility":"","ast-main-header-display":"","ast-hfb-above-header-display":"","ast-hfb-below-header-display":"","ast-hfb-mobile-header-display":"","site-post-title":"","ast-breadcrumbs-content":"","ast-featured-img":"","footer-sml-layout":"","ast-disable-related-posts":"","theme-transparent-header-meta":"default","adv-header-id-meta":"","stick-header-meta":"","header-above-stick-meta":"","header-main-stick-meta":"","header-below-stick-meta":"","astra-migrate-meta-layouts":"set","ast-page-background-enabled":"default","ast-page-background-meta":{"desktop":{"background-color":"","background-image":"","background-repeat":"repeat","background-position":"center center","background-size":"auto","background-attachment":"scroll","background-type":"","background-media":"","overlay-type":"","overlay-color":"","overlay-opacity":"","overlay-gradient":""},"tablet":{"background-color":"","background-image":"","background-repeat":"repeat","background-position":"center center","background-size":"auto","background-attachment":"scroll","background-type":"","background-media":"","overlay-type":"","overlay-color":"","overlay-opacity":"","overlay-gradient":""},"mobile":{"background-color":"","background-image":"","background-repeat":"repeat","background-position":"center center","background-size":"auto","background-attachment":"scroll","background-type":"","background-media":"","overlay-type":"","overlay-color":"","overlay-opacity":"","overlay-gradient":""}},"ast-content-background-meta":{"desktop":{"background-color":"var(--ast-global-color-5)","background-image":"","background-repeat":"repeat","background-position":"center center","background-size":"auto","background-attachment":"scroll","background-type":"","background-media":"","overlay-type":"","overlay-color":"","overlay-opacity":"","overlay-gradient":""},"tablet":{"background-color":"var(--ast-global-color-5)","background-image":"","background-repeat":"repeat","background-position":"center center","background-size":"auto","background-attachment":"scroll","background-type":"","background-media":"","overlay-type":"","overlay-color":"","overlay-opacity":"","overlay-gradient":""},"mobile":{"background-color":"var(--ast-global-color-5)","background-image":"","background-repeat":"repeat","background-position":"center center","background-size":"auto","background-attachment":"scroll","background-type":"","background-media":"","overlay-type":"","overlay-color":"","overlay-opacity":"","overlay-gradient":""}}},"product_brand":[],"product_cat":[17,26,30],"product_tag":[],"class_list":{"0":"post-6517","1":"product","2":"type-product","3":"status-publish","4":"has-post-thumbnail","6":"product_cat-elektromobil-ersatzteile","7":"product_cat-es3-d","8":"product_cat-es4-d","9":"desktop-align-left","10":"tablet-align-left","11":"mobile-align-left","13":"first","14":"instock","15":"sale","16":"sold-individually","17":"taxable","18":"shipping-taxable","19":"purchasable","20":"product-type-simple"},"aioseo_notices":[],"uagb_featured_image_src":{"full":["https:\/\/elektromobil-ersatzteile.ch\/wp-content\/uploads\/2024\/09\/Stossdaempfer.png",3024,3024,false],"thumbnail":["https:\/\/elektromobil-ersatzteile.ch\/wp-content\/uploads\/2024\/09\/Stossdaempfer-150x150.png",150,150,true],"medium":["https:\/\/elektromobil-ersatzteile.ch\/wp-content\/uploads\/2024\/09\/Stossdaempfer-300x300.png",300,300,true],"medium_large":["https:\/\/elektromobil-ersatzteile.ch\/wp-content\/uploads\/2024\/09\/Stossdaempfer-768x768.png",768,768,true],"large":["https:\/\/elektromobil-ersatzteile.ch\/wp-content\/uploads\/2024\/09\/Stossdaempfer-1024x1024.png",1024,1024,true],"1536x1536":["https:\/\/elektromobil-ersatzteile.ch\/wp-content\/uploads\/2024\/09\/Stossdaempfer-1536x1536.png",1536,1536,true],"2048x2048":["https:\/\/elektromobil-ersatzteile.ch\/wp-content\/uploads\/2024\/09\/Stossdaempfer-2048x2048.png",2048,2048,true],"trp-custom-language-flag":["https:\/\/elektromobil-ersatzteile.ch\/wp-content\/uploads\/2024\/09\/Stossdaempfer.png",12,12,false],"woocommerce_thumbnail":["https:\/\/elektromobil-ersatzteile.ch\/wp-content\/uploads\/2024\/09\/Stossdaempfer-300x300.png",300,300,true],"woocommerce_single":["https:\/\/elektromobil-ersatzteile.ch\/wp-content\/uploads\/2024\/09\/Stossdaempfer-600x600.png",600,600,true],"woocommerce_gallery_thumbnail":["https:\/\/elektromobil-ersatzteile.ch\/wp-content\/uploads\/2024\/09\/Stossdaempfer-100x100.png",100,100,true]},"uagb_author_info":{"display_name":"gencturk.tolga","author_link":"https:\/\/elektromobil-ersatzteile.ch\/fr\/author\/"},"uagb_comment_info":0,"uagb_excerpt":"Elektromobil Stossd\u00e4mpfer hinten.","_links":{"self":[{"href":"https:\/\/elektromobil-ersatzteile.ch\/fr\/wp-json\/wp\/v2\/product\/6517","targetHints":{"allow":["GET"]}}],"collection":[{"href":"https:\/\/elektromobil-ersatzteile.ch\/fr\/wp-json\/wp\/v2\/product"}],"about":[{"href":"https:\/\/elektromobil-ersatzteile.ch\/fr\/wp-json\/wp\/v2\/types\/product"}],"replies":[{"embeddable":true,"href":"https:\/\/elektromobil-ersatzteile.ch\/fr\/wp-json\/wp\/v2\/comments?post=6517"}],"version-history":[{"count":4,"href":"https:\/\/elektromobil-ersatzteile.ch\/fr\/wp-json\/wp\/v2\/product\/6517\/revisions"}],"predecessor-version":[{"id":6894,"href":"https:\/\/elektromobil-ersatzteile.ch\/fr\/wp-json\/wp\/v2\/product\/6517\/revisions\/6894"}],"wp:featuredmedia":[{"embeddable":true,"href":"https:\/\/elektromobil-ersatzteile.ch\/fr\/wp-json\/wp\/v2\/media\/6519"}],"wp:attachment":[{"href":"https:\/\/elektromobil-ersatzteile.ch\/fr\/wp-json\/wp\/v2\/media?parent=6517"}],"wp:term":[{"taxonomy":"product_brand","embeddable":true,"href":"https:\/\/elektromobil-ersatzteile.ch\/fr\/wp-json\/wp\/v2\/product_brand?post=6517"},{"taxonomy":"product_cat","embeddable":true,"href":"https:\/\/elektromobil-ersatzteile.ch\/fr\/wp-json\/wp\/v2\/product_cat?post=6517"},{"taxonomy":"product_tag","embeddable":true,"href":"https:\/\/elektromobil-ersatzteile.ch\/fr\/wp-json\/wp\/v2\/product_tag?post=6517"}],"curies":[{"name":"wp","href":"https:\/\/api.w.org\/{rel}","templated":true}]}}