{"id":6385,"date":"2024-06-29T07:15:47","date_gmt":"2024-06-29T07:15:47","guid":{"rendered":"https:\/\/elektromobil-ersatzteile.ch\/?post_type=product&#038;p=6385"},"modified":"2024-10-22T14:04:34","modified_gmt":"2024-10-22T14:04:34","slug":"heckstossstange-lippe-anthrazit-elektromobil-seniorenmobil-gentomobil","status":"publish","type":"product","link":"https:\/\/elektromobil-ersatzteile.ch\/fr\/product\/heckstossstange-lippe-anthrazit-elektromobil-seniorenmobil-gentomobil\/","title":{"rendered":"L\u00e8vre de tablier arri\u00e8re v\u00e9hicule \u00e9lectrique anthracite"},"content":{"rendered":"<p>L\u00e8vre de tablier arri\u00e8re anthracite pour mod\u00e8le ES3-D, ES4-D.<\/p>","protected":false},"excerpt":{"rendered":"<p>L\u00e8vre de tablier arri\u00e8re anthracite.<\/p>","protected":false},"featured_media":6377,"comment_status":"open","ping_status":"closed","template":"","meta":{"_uag_custom_page_level_css":"","site-sidebar-layout":"default","site-content-layout":"","ast-site-content-layout":"default","site-content-style":"default","site-sidebar-style":"default","ast-global-header-display":"","ast-banner-title-visibility":"","ast-main-header-display":"","ast-hfb-above-header-display":"","ast-hfb-below-header-display":"","ast-hfb-mobile-header-display":"","site-post-title":"","ast-breadcrumbs-content":"","ast-featured-img":"","footer-sml-layout":"","ast-disable-related-posts":"","theme-transparent-header-meta":"default","adv-header-id-meta":"","stick-header-meta":"","header-above-stick-meta":"","header-main-stick-meta":"","header-below-stick-meta":"","astra-migrate-meta-layouts":"set","ast-page-background-enabled":"default","ast-page-background-meta":{"desktop":{"background-color":"","background-image":"","background-repeat":"repeat","background-position":"center center","background-size":"auto","background-attachment":"scroll","background-type":"","background-media":"","overlay-type":"","overlay-color":"","overlay-opacity":"","overlay-gradient":""},"tablet":{"background-color":"","background-image":"","background-repeat":"repeat","background-position":"center center","background-size":"auto","background-attachment":"scroll","background-type":"","background-media":"","overlay-type":"","overlay-color":"","overlay-opacity":"","overlay-gradient":""},"mobile":{"background-color":"","background-image":"","background-repeat":"repeat","background-position":"center center","background-size":"auto","background-attachment":"scroll","background-type":"","background-media":"","overlay-type":"","overlay-color":"","overlay-opacity":"","overlay-gradient":""}},"ast-content-background-meta":{"desktop":{"background-color":"var(--ast-global-color-5)","background-image":"","background-repeat":"repeat","background-position":"center center","background-size":"auto","background-attachment":"scroll","background-type":"","background-media":"","overlay-type":"","overlay-color":"","overlay-opacity":"","overlay-gradient":""},"tablet":{"background-color":"var(--ast-global-color-5)","background-image":"","background-repeat":"repeat","background-position":"center center","background-size":"auto","background-attachment":"scroll","background-type":"","background-media":"","overlay-type":"","overlay-color":"","overlay-opacity":"","overlay-gradient":""},"mobile":{"background-color":"var(--ast-global-color-5)","background-image":"","background-repeat":"repeat","background-position":"center center","background-size":"auto","background-attachment":"scroll","background-type":"","background-media":"","overlay-type":"","overlay-color":"","overlay-opacity":"","overlay-gradient":""}}},"product_brand":[],"product_cat":[17,26,30],"product_tag":[],"class_list":{"0":"post-6385","1":"product","2":"type-product","3":"status-publish","4":"has-post-thumbnail","6":"product_cat-elektromobil-ersatzteile","7":"product_cat-es3-d","8":"product_cat-es4-d","9":"desktop-align-left","10":"tablet-align-left","11":"mobile-align-left","13":"first","14":"instock","15":"sold-individually","16":"taxable","17":"shipping-taxable","18":"purchasable","19":"product-type-simple"},"aioseo_notices":[],"uagb_featured_image_src":{"full":["https:\/\/elektromobil-ersatzteile.ch\/wp-content\/uploads\/2024\/06\/Heckschuertze-unten-anthrazit.png",3024,3024,false],"thumbnail":["https:\/\/elektromobil-ersatzteile.ch\/wp-content\/uploads\/2024\/06\/Heckschuertze-unten-anthrazit-150x150.png",150,150,true],"medium":["https:\/\/elektromobil-ersatzteile.ch\/wp-content\/uploads\/2024\/06\/Heckschuertze-unten-anthrazit-300x300.png",300,300,true],"medium_large":["https:\/\/elektromobil-ersatzteile.ch\/wp-content\/uploads\/2024\/06\/Heckschuertze-unten-anthrazit-768x768.png",768,768,true],"large":["https:\/\/elektromobil-ersatzteile.ch\/wp-content\/uploads\/2024\/06\/Heckschuertze-unten-anthrazit-1024x1024.png",1024,1024,true],"1536x1536":["https:\/\/elektromobil-ersatzteile.ch\/wp-content\/uploads\/2024\/06\/Heckschuertze-unten-anthrazit-1536x1536.png",1536,1536,true],"2048x2048":["https:\/\/elektromobil-ersatzteile.ch\/wp-content\/uploads\/2024\/06\/Heckschuertze-unten-anthrazit-2048x2048.png",2048,2048,true],"trp-custom-language-flag":["https:\/\/elektromobil-ersatzteile.ch\/wp-content\/uploads\/2024\/06\/Heckschuertze-unten-anthrazit.png",12,12,false],"woocommerce_thumbnail":["https:\/\/elektromobil-ersatzteile.ch\/wp-content\/uploads\/2024\/06\/Heckschuertze-unten-anthrazit-300x300.png",300,300,true],"woocommerce_single":["https:\/\/elektromobil-ersatzteile.ch\/wp-content\/uploads\/2024\/06\/Heckschuertze-unten-anthrazit-600x600.png",600,600,true],"woocommerce_gallery_thumbnail":["https:\/\/elektromobil-ersatzteile.ch\/wp-content\/uploads\/2024\/06\/Heckschuertze-unten-anthrazit-100x100.png",100,100,true]},"uagb_author_info":{"display_name":"gencturk.tolga","author_link":"https:\/\/elektromobil-ersatzteile.ch\/fr\/author\/"},"uagb_comment_info":0,"uagb_excerpt":"Hecksch\u00fcrze Lippe anthrazit.","_links":{"self":[{"href":"https:\/\/elektromobil-ersatzteile.ch\/fr\/wp-json\/wp\/v2\/product\/6385","targetHints":{"allow":["GET"]}}],"collection":[{"href":"https:\/\/elektromobil-ersatzteile.ch\/fr\/wp-json\/wp\/v2\/product"}],"about":[{"href":"https:\/\/elektromobil-ersatzteile.ch\/fr\/wp-json\/wp\/v2\/types\/product"}],"replies":[{"embeddable":true,"href":"https:\/\/elektromobil-ersatzteile.ch\/fr\/wp-json\/wp\/v2\/comments?post=6385"}],"version-history":[{"count":7,"href":"https:\/\/elektromobil-ersatzteile.ch\/fr\/wp-json\/wp\/v2\/product\/6385\/revisions"}],"predecessor-version":[{"id":6907,"href":"https:\/\/elektromobil-ersatzteile.ch\/fr\/wp-json\/wp\/v2\/product\/6385\/revisions\/6907"}],"wp:featuredmedia":[{"embeddable":true,"href":"https:\/\/elektromobil-ersatzteile.ch\/fr\/wp-json\/wp\/v2\/media\/6377"}],"wp:attachment":[{"href":"https:\/\/elektromobil-ersatzteile.ch\/fr\/wp-json\/wp\/v2\/media?parent=6385"}],"wp:term":[{"taxonomy":"product_brand","embeddable":true,"href":"https:\/\/elektromobil-ersatzteile.ch\/fr\/wp-json\/wp\/v2\/product_brand?post=6385"},{"taxonomy":"product_cat","embeddable":true,"href":"https:\/\/elektromobil-ersatzteile.ch\/fr\/wp-json\/wp\/v2\/product_cat?post=6385"},{"taxonomy":"product_tag","embeddable":true,"href":"https:\/\/elektromobil-ersatzteile.ch\/fr\/wp-json\/wp\/v2\/product_tag?post=6385"}],"curies":[{"name":"wp","href":"https:\/\/api.w.org\/{rel}","templated":true}]}}