{"id":6065,"date":"2024-06-21T14:33:10","date_gmt":"2024-06-21T14:33:10","guid":{"rendered":"https:\/\/elektromobil-ersatzteile.ch\/?post_type=product&#038;p=6065"},"modified":"2024-10-07T10:52:22","modified_gmt":"2024-10-07T10:52:22","slug":"batterie-verbindungskabel-elektromobil-seniorenmobil-gentomobil","status":"publish","type":"product","link":"https:\/\/elektromobil-ersatzteile.ch\/fr\/product\/batterie-verbindungskabel-elektromobil-seniorenmobil-gentomobil\/","title":{"rendered":"C\u00e2ble de raccordement batterie pour v\u00e9hicule \u00e9lectrique pour seniors"},"content":{"rendered":"<p>C\u00e2ble de connexion batterie 48V-60V \u00e9lectromobile senior mobile Gentomobil.<\/p>","protected":false},"excerpt":{"rendered":"<p>C\u00e2ble de connexion batterie 48V-60V \u00e9lectromobile senior mobile Gentomobil.<\/p>","protected":false},"featured_media":6066,"comment_status":"open","ping_status":"closed","template":"","meta":{"_uag_custom_page_level_css":"","site-sidebar-layout":"default","site-content-layout":"","ast-site-content-layout":"default","site-content-style":"default","site-sidebar-style":"default","ast-global-header-display":"","ast-banner-title-visibility":"","ast-main-header-display":"","ast-hfb-above-header-display":"","ast-hfb-below-header-display":"","ast-hfb-mobile-header-display":"","site-post-title":"","ast-breadcrumbs-content":"","ast-featured-img":"","footer-sml-layout":"","ast-disable-related-posts":"","theme-transparent-header-meta":"default","adv-header-id-meta":"","stick-header-meta":"","header-above-stick-meta":"","header-main-stick-meta":"","header-below-stick-meta":"","astra-migrate-meta-layouts":"set","ast-page-background-enabled":"default","ast-page-background-meta":{"desktop":{"background-color":"","background-image":"","background-repeat":"repeat","background-position":"center center","background-size":"auto","background-attachment":"scroll","background-type":"","background-media":"","overlay-type":"","overlay-color":"","overlay-opacity":"","overlay-gradient":""},"tablet":{"background-color":"","background-image":"","background-repeat":"repeat","background-position":"center center","background-size":"auto","background-attachment":"scroll","background-type":"","background-media":"","overlay-type":"","overlay-color":"","overlay-opacity":"","overlay-gradient":""},"mobile":{"background-color":"","background-image":"","background-repeat":"repeat","background-position":"center center","background-size":"auto","background-attachment":"scroll","background-type":"","background-media":"","overlay-type":"","overlay-color":"","overlay-opacity":"","overlay-gradient":""}},"ast-content-background-meta":{"desktop":{"background-color":"var(--ast-global-color-5)","background-image":"","background-repeat":"repeat","background-position":"center center","background-size":"auto","background-attachment":"scroll","background-type":"","background-media":"","overlay-type":"","overlay-color":"","overlay-opacity":"","overlay-gradient":""},"tablet":{"background-color":"var(--ast-global-color-5)","background-image":"","background-repeat":"repeat","background-position":"center center","background-size":"auto","background-attachment":"scroll","background-type":"","background-media":"","overlay-type":"","overlay-color":"","overlay-opacity":"","overlay-gradient":""},"mobile":{"background-color":"var(--ast-global-color-5)","background-image":"","background-repeat":"repeat","background-position":"center center","background-size":"auto","background-attachment":"scroll","background-type":"","background-media":"","overlay-type":"","overlay-color":"","overlay-opacity":"","overlay-gradient":""}}},"product_brand":[],"product_cat":[17,27,28,36,26,29,30,32,24],"product_tag":[],"class_list":{"0":"post-6065","1":"product","2":"type-product","3":"status-publish","4":"has-post-thumbnail","6":"product_cat-elektromobil-ersatzteile","7":"product_cat-es2","8":"product_cat-es3","9":"product_cat-es3-all-in-one","10":"product_cat-es3-d","11":"product_cat-elektromobil-es4","12":"product_cat-es4-d","13":"product_cat-es4-quattro","14":"product_cat-es5-all-in-one","15":"desktop-align-left","16":"tablet-align-left","17":"mobile-align-left","19":"first","20":"instock","21":"sale","22":"taxable","23":"shipping-taxable","24":"purchasable","25":"product-type-simple"},"aioseo_notices":[],"uagb_featured_image_src":{"full":["https:\/\/elektromobil-ersatzteile.ch\/wp-content\/uploads\/2024\/06\/Batterie-Verbindungskabel.png",3024,3024,false],"thumbnail":["https:\/\/elektromobil-ersatzteile.ch\/wp-content\/uploads\/2024\/06\/Batterie-Verbindungskabel-150x150.png",150,150,true],"medium":["https:\/\/elektromobil-ersatzteile.ch\/wp-content\/uploads\/2024\/06\/Batterie-Verbindungskabel-300x300.png",300,300,true],"medium_large":["https:\/\/elektromobil-ersatzteile.ch\/wp-content\/uploads\/2024\/06\/Batterie-Verbindungskabel-768x768.png",768,768,true],"large":["https:\/\/elektromobil-ersatzteile.ch\/wp-content\/uploads\/2024\/06\/Batterie-Verbindungskabel-1024x1024.png",1024,1024,true],"1536x1536":["https:\/\/elektromobil-ersatzteile.ch\/wp-content\/uploads\/2024\/06\/Batterie-Verbindungskabel-1536x1536.png",1536,1536,true],"2048x2048":["https:\/\/elektromobil-ersatzteile.ch\/wp-content\/uploads\/2024\/06\/Batterie-Verbindungskabel-2048x2048.png",2048,2048,true],"trp-custom-language-flag":["https:\/\/elektromobil-ersatzteile.ch\/wp-content\/uploads\/2024\/06\/Batterie-Verbindungskabel.png",12,12,false],"woocommerce_thumbnail":["https:\/\/elektromobil-ersatzteile.ch\/wp-content\/uploads\/2024\/06\/Batterie-Verbindungskabel-300x300.png",300,300,true],"woocommerce_single":["https:\/\/elektromobil-ersatzteile.ch\/wp-content\/uploads\/2024\/06\/Batterie-Verbindungskabel-600x600.png",600,600,true],"woocommerce_gallery_thumbnail":["https:\/\/elektromobil-ersatzteile.ch\/wp-content\/uploads\/2024\/06\/Batterie-Verbindungskabel-100x100.png",100,100,true]},"uagb_author_info":{"display_name":"gencturk.tolga","author_link":"https:\/\/elektromobil-ersatzteile.ch\/fr\/author\/"},"uagb_comment_info":0,"uagb_excerpt":"Batterie-Verbindungskabel 48V-60V Elektromobil Seniorenmobil Gentomobil.","_links":{"self":[{"href":"https:\/\/elektromobil-ersatzteile.ch\/fr\/wp-json\/wp\/v2\/product\/6065","targetHints":{"allow":["GET"]}}],"collection":[{"href":"https:\/\/elektromobil-ersatzteile.ch\/fr\/wp-json\/wp\/v2\/product"}],"about":[{"href":"https:\/\/elektromobil-ersatzteile.ch\/fr\/wp-json\/wp\/v2\/types\/product"}],"replies":[{"embeddable":true,"href":"https:\/\/elektromobil-ersatzteile.ch\/fr\/wp-json\/wp\/v2\/comments?post=6065"}],"version-history":[{"count":3,"href":"https:\/\/elektromobil-ersatzteile.ch\/fr\/wp-json\/wp\/v2\/product\/6065\/revisions"}],"predecessor-version":[{"id":6971,"href":"https:\/\/elektromobil-ersatzteile.ch\/fr\/wp-json\/wp\/v2\/product\/6065\/revisions\/6971"}],"wp:featuredmedia":[{"embeddable":true,"href":"https:\/\/elektromobil-ersatzteile.ch\/fr\/wp-json\/wp\/v2\/media\/6066"}],"wp:attachment":[{"href":"https:\/\/elektromobil-ersatzteile.ch\/fr\/wp-json\/wp\/v2\/media?parent=6065"}],"wp:term":[{"taxonomy":"product_brand","embeddable":true,"href":"https:\/\/elektromobil-ersatzteile.ch\/fr\/wp-json\/wp\/v2\/product_brand?post=6065"},{"taxonomy":"product_cat","embeddable":true,"href":"https:\/\/elektromobil-ersatzteile.ch\/fr\/wp-json\/wp\/v2\/product_cat?post=6065"},{"taxonomy":"product_tag","embeddable":true,"href":"https:\/\/elektromobil-ersatzteile.ch\/fr\/wp-json\/wp\/v2\/product_tag?post=6065"}],"curies":[{"name":"wp","href":"https:\/\/api.w.org\/{rel}","templated":true}]}}