{"id":7877,"date":"2024-12-30T08:53:38","date_gmt":"2024-12-30T08:53:38","guid":{"rendered":"https:\/\/elektromobil-ersatzteile.ch\/?page_id=7877"},"modified":"2025-01-19T17:55:12","modified_gmt":"2025-01-19T17:55:12","slug":"uber-uns","status":"publish","type":"page","link":"https:\/\/elektromobil-ersatzteile.ch\/fr\/uber-uns\/","title":{"rendered":"\u00c0 propos de nous"},"content":{"rendered":"<div data-elementor-type=\"wp-page\" data-elementor-id=\"7877\" class=\"elementor elementor-7877\">\n\t\t\t\t<div class=\"elementor-element elementor-element-6963867 e-flex e-con-boxed e-con e-parent\" data-id=\"6963867\" data-element_type=\"container\" data-e-type=\"container\">\n\t\t\t\t\t<div class=\"e-con-inner\">\n\t\t\t\t<div class=\"elementor-element elementor-element-94dae97 elementor-widget elementor-widget-heading\" data-id=\"94dae97\" data-element_type=\"widget\" data-e-type=\"widget\" data-widget_type=\"heading.default\">\n\t\t\t\t<div class=\"elementor-widget-container\">\n\t\t\t\t\t<h2 class=\"elementor-heading-title elementor-size-default\">\u00c0 propos de nous<\/h2>\t\t\t\t<\/div>\n\t\t\t\t<\/div>\n\t\t<div class=\"elementor-element elementor-element-4c6a896 e-con-full e-flex e-con e-child\" data-id=\"4c6a896\" data-element_type=\"container\" data-e-type=\"container\">\n\t\t\t\t<div class=\"elementor-element elementor-element-066d83e elementor-widget elementor-widget-image\" data-id=\"066d83e\" data-element_type=\"widget\" data-e-type=\"widget\" data-widget_type=\"image.default\">\n\t\t\t\t<div class=\"elementor-widget-container\">\n\t\t\t\t\t\t\t\t\t\t\t\t\t\t\t<img fetchpriority=\"high\" decoding=\"async\" width=\"1920\" height=\"1080\" src=\"https:\/\/elektromobil-ersatzteile.ch\/wp-content\/uploads\/2024\/10\/Ersatzteil.png\" class=\"attachment-2048x2048 size-2048x2048 wp-image-7261\" alt=\"\u00dcber uns\" srcset=\"https:\/\/elektromobil-ersatzteile.ch\/wp-content\/uploads\/2024\/10\/Ersatzteil.png 1920w, https:\/\/elektromobil-ersatzteile.ch\/wp-content\/uploads\/2024\/10\/Ersatzteil-300x169.png 300w, https:\/\/elektromobil-ersatzteile.ch\/wp-content\/uploads\/2024\/10\/Ersatzteil-1024x576.png 1024w, https:\/\/elektromobil-ersatzteile.ch\/wp-content\/uploads\/2024\/10\/Ersatzteil-768x432.png 768w, https:\/\/elektromobil-ersatzteile.ch\/wp-content\/uploads\/2024\/10\/Ersatzteil-1536x864.png 1536w, https:\/\/elektromobil-ersatzteile.ch\/wp-content\/uploads\/2024\/10\/Ersatzteil-600x338.png 600w\" sizes=\"(max-width: 1920px) 100vw, 1920px\" \/>\t\t\t\t\t\t\t\t\t\t\t\t\t\t\t<\/div>\n\t\t\t\t<\/div>\n\t\t\t\t<div class=\"elementor-element elementor-element-3074eb8 elementor-widget elementor-widget-heading\" data-id=\"3074eb8\" data-element_type=\"widget\" data-e-type=\"widget\" data-widget_type=\"heading.default\">\n\t\t\t\t<div class=\"elementor-widget-container\">\n\t\t\t\t\t<h3 class=\"elementor-heading-title elementor-size-default\">Unser Service f\u00fcr Elektromobil-Ersatzteile<\/h3>\t\t\t\t<\/div>\n\t\t\t\t<\/div>\n\t\t\t\t<div class=\"elementor-element elementor-element-d9e751b elementor-widget elementor-widget-text-editor\" data-id=\"d9e751b\" data-element_type=\"widget\" data-e-type=\"widget\" data-widget_type=\"text-editor.default\">\n\t\t\t\t<div class=\"elementor-widget-container\">\n\t\t\t\t\t\t\t\t\t<p>Wir freuen uns, Sie in unserem Ersatzteilshop zu begr\u00fc\u00dfen! Unser Ziel ist es, Ihnen ein umfassendes Sortiment an hochwertigen Ersatzteilen f\u00fcr Elektromobile anzubieten.<\/p><p>Mit unserer langj\u00e4hrigen Erfahrung in der Branche sind wir stolz darauf, ein breites Angebot an Ersatzteilen f\u00fcr Elektromobile bereitzustellen. Unser engagiertes Team steht Ihnen jederzeit zur Verf\u00fcgung, um Ihre Fragen zu beantworten und Sie bei der Auswahl der passenden Teile zu unterst\u00fctzen.<\/p>\t\t\t\t\t\t\t\t<\/div>\n\t\t\t\t<\/div>\n\t\t<div class=\"elementor-element elementor-element-713ac30 e-grid e-con-full e-con e-child\" data-id=\"713ac30\" data-element_type=\"container\" data-e-type=\"container\">\n\t\t\t\t<div class=\"elementor-element elementor-element-2ed167c elementor-widget elementor-widget-image\" data-id=\"2ed167c\" data-element_type=\"widget\" data-e-type=\"widget\" data-widget_type=\"image.default\">\n\t\t\t\t<div class=\"elementor-widget-container\">\n\t\t\t\t\t\t\t\t\t\t\t\t\t\t\t<img decoding=\"async\" width=\"512\" height=\"512\" src=\"https:\/\/elektromobil-ersatzteile.ch\/wp-content\/uploads\/2024\/04\/cropped-cropped-GENTOMOBIL_Logo.png\" class=\"attachment-medium_large size-medium_large wp-image-6641\" alt=\"\" srcset=\"https:\/\/elektromobil-ersatzteile.ch\/wp-content\/uploads\/2024\/04\/cropped-cropped-GENTOMOBIL_Logo.png 512w, https:\/\/elektromobil-ersatzteile.ch\/wp-content\/uploads\/2024\/04\/cropped-cropped-GENTOMOBIL_Logo-300x300.png 300w, https:\/\/elektromobil-ersatzteile.ch\/wp-content\/uploads\/2024\/04\/cropped-cropped-GENTOMOBIL_Logo-150x150.png 150w, https:\/\/elektromobil-ersatzteile.ch\/wp-content\/uploads\/2024\/04\/cropped-cropped-GENTOMOBIL_Logo-100x100.png 100w, https:\/\/elektromobil-ersatzteile.ch\/wp-content\/uploads\/2024\/04\/cropped-cropped-GENTOMOBIL_Logo-270x270.png 270w, https:\/\/elektromobil-ersatzteile.ch\/wp-content\/uploads\/2024\/04\/cropped-cropped-GENTOMOBIL_Logo-192x192.png 192w, https:\/\/elektromobil-ersatzteile.ch\/wp-content\/uploads\/2024\/04\/cropped-cropped-GENTOMOBIL_Logo-180x180.png 180w, https:\/\/elektromobil-ersatzteile.ch\/wp-content\/uploads\/2024\/04\/cropped-cropped-GENTOMOBIL_Logo-32x32.png 32w\" sizes=\"(max-width: 512px) 100vw, 512px\" \/>\t\t\t\t\t\t\t\t\t\t\t\t\t\t\t<\/div>\n\t\t\t\t<\/div>\n\t\t<div class=\"elementor-element elementor-element-4236e44 e-con-full e-flex e-con e-child\" data-id=\"4236e44\" data-element_type=\"container\" data-e-type=\"container\">\n\t\t\t\t<div class=\"elementor-element elementor-element-734f995 elementor-widget elementor-widget-heading\" data-id=\"734f995\" data-element_type=\"widget\" data-e-type=\"widget\" data-widget_type=\"heading.default\">\n\t\t\t\t<div class=\"elementor-widget-container\">\n\t\t\t\t\t<h3 class=\"elementor-heading-title elementor-size-default\">Seltene und vergriffene Elektromobil-Ersatzteile<\/h3>\t\t\t\t<\/div>\n\t\t\t\t<\/div>\n\t\t\t\t<div class=\"elementor-element elementor-element-e6d78c8 elementor-widget elementor-widget-text-editor\" data-id=\"e6d78c8\" data-element_type=\"widget\" data-e-type=\"widget\" data-widget_type=\"text-editor.default\">\n\t\t\t\t<div class=\"elementor-widget-container\">\n\t\t\t\t\t\t\t\t\t<p>Sie suchen ein Ersatzteil, das nicht in unserem Sortiment verf\u00fcgbar ist? Kein Problem! Dank unseres gro\u00dfen Netzwerks in der Branche k\u00f6nnen wir Ihnen helfen, auch seltene oder schwer zu findende Elektromobil-Ersatzteile zu beschaffen. Kontaktieren Sie uns einfach mit Ihrer Anfrage, und wir k\u00fcmmern uns um den Rest.<\/p><p>\u00a0<\/p>\t\t\t\t\t\t\t\t<\/div>\n\t\t\t\t<\/div>\n\t\t\t\t<\/div>\n\t\t\t\t<\/div>\n\t\t\t\t<\/div>\n\t\t\t\t\t<\/div>\n\t\t\t\t<\/div>\n\t\t\t\t<\/div>","protected":false},"excerpt":{"rendered":"<p>\u00dcber Uns Unser Service f\u00fcr Elektromobil-Ersatzteile Wir freuen uns, Sie in unserem Ersatzteilshop zu begr\u00fc\u00dfen! Unser Ziel ist es, Ihnen ein umfassendes Sortiment an hochwertigen Ersatzteilen f\u00fcr Elektromobile anzubieten. Mit unserer langj\u00e4hrigen Erfahrung in der Branche sind wir stolz darauf, ein breites Angebot an Ersatzteilen f\u00fcr Elektromobile bereitzustellen. Unser engagiertes Team steht Ihnen jederzeit zur [&hellip;]<\/p>\n","protected":false},"author":1,"featured_media":0,"parent":0,"menu_order":0,"comment_status":"closed","ping_status":"closed","template":"","meta":{"_uag_custom_page_level_css":"","site-sidebar-layout":"no-sidebar","site-content-layout":"page-builder","ast-site-content-layout":"full-width-container","site-content-style":"default","site-sidebar-style":"default","ast-global-header-display":"","ast-banner-title-visibility":"","ast-main-header-display":"","ast-hfb-above-header-display":"","ast-hfb-below-header-display":"","ast-hfb-mobile-header-display":"","site-post-title":"disabled","ast-breadcrumbs-content":"","ast-featured-img":"disabled","footer-sml-layout":"","ast-disable-related-posts":"","theme-transparent-header-meta":"","adv-header-id-meta":"","stick-header-meta":"","header-above-stick-meta":"","header-main-stick-meta":"","header-below-stick-meta":"","astra-migrate-meta-layouts":"set","ast-page-background-enabled":"default","ast-page-background-meta":{"desktop":{"background-color":"","background-image":"","background-repeat":"repeat","background-position":"center center","background-size":"auto","background-attachment":"scroll","background-type":"","background-media":"","overlay-type":"","overlay-color":"","overlay-opacity":"","overlay-gradient":""},"tablet":{"background-color":"","background-image":"","background-repeat":"repeat","background-position":"center center","background-size":"auto","background-attachment":"scroll","background-type":"","background-media":"","overlay-type":"","overlay-color":"","overlay-opacity":"","overlay-gradient":""},"mobile":{"background-color":"","background-image":"","background-repeat":"repeat","background-position":"center center","background-size":"auto","background-attachment":"scroll","background-type":"","background-media":"","overlay-type":"","overlay-color":"","overlay-opacity":"","overlay-gradient":""}},"ast-content-background-meta":{"desktop":{"background-color":"var(--ast-global-color-5)","background-image":"","background-repeat":"repeat","background-position":"center center","background-size":"auto","background-attachment":"scroll","background-type":"","background-media":"","overlay-type":"","overlay-color":"","overlay-opacity":"","overlay-gradient":""},"tablet":{"background-color":"var(--ast-global-color-5)","background-image":"","background-repeat":"repeat","background-position":"center center","background-size":"auto","background-attachment":"scroll","background-type":"","background-media":"","overlay-type":"","overlay-color":"","overlay-opacity":"","overlay-gradient":""},"mobile":{"background-color":"var(--ast-global-color-5)","background-image":"","background-repeat":"repeat","background-position":"center center","background-size":"auto","background-attachment":"scroll","background-type":"","background-media":"","overlay-type":"","overlay-color":"","overlay-opacity":"","overlay-gradient":""}},"footnotes":""},"class_list":["post-7877","page","type-page","status-publish","hentry"],"aioseo_notices":[],"uagb_featured_image_src":{"full":false,"thumbnail":false,"medium":false,"medium_large":false,"large":false,"1536x1536":false,"2048x2048":false,"trp-custom-language-flag":false,"woocommerce_thumbnail":false,"woocommerce_single":false,"woocommerce_gallery_thumbnail":false},"uagb_author_info":{"display_name":"gencturk.tolga","author_link":"https:\/\/elektromobil-ersatzteile.ch\/fr\/author\/gencturk-tolga\/"},"uagb_comment_info":0,"uagb_excerpt":"\u00dcber Uns Unser Service f\u00fcr Elektromobil-Ersatzteile Wir freuen uns, Sie in unserem Ersatzteilshop zu begr\u00fc\u00dfen! Unser Ziel ist es, Ihnen ein umfassendes Sortiment an hochwertigen Ersatzteilen f\u00fcr Elektromobile anzubieten. Mit unserer langj\u00e4hrigen Erfahrung in der Branche sind wir stolz darauf, ein breites Angebot an Ersatzteilen f\u00fcr Elektromobile bereitzustellen. Unser engagiertes Team steht Ihnen jederzeit zur\u2026","_links":{"self":[{"href":"https:\/\/elektromobil-ersatzteile.ch\/fr\/wp-json\/wp\/v2\/pages\/7877","targetHints":{"allow":["GET"]}}],"collection":[{"href":"https:\/\/elektromobil-ersatzteile.ch\/fr\/wp-json\/wp\/v2\/pages"}],"about":[{"href":"https:\/\/elektromobil-ersatzteile.ch\/fr\/wp-json\/wp\/v2\/types\/page"}],"author":[{"embeddable":true,"href":"https:\/\/elektromobil-ersatzteile.ch\/fr\/wp-json\/wp\/v2\/users\/1"}],"replies":[{"embeddable":true,"href":"https:\/\/elektromobil-ersatzteile.ch\/fr\/wp-json\/wp\/v2\/comments?post=7877"}],"version-history":[{"count":8,"href":"https:\/\/elektromobil-ersatzteile.ch\/fr\/wp-json\/wp\/v2\/pages\/7877\/revisions"}],"predecessor-version":[{"id":8045,"href":"https:\/\/elektromobil-ersatzteile.ch\/fr\/wp-json\/wp\/v2\/pages\/7877\/revisions\/8045"}],"wp:attachment":[{"href":"https:\/\/elektromobil-ersatzteile.ch\/fr\/wp-json\/wp\/v2\/media?parent=7877"}],"curies":[{"name":"wp","href":"https:\/\/api.w.org\/{rel}","templated":true}]}}