{"id":7596,"date":"2024-10-10T19:06:28","date_gmt":"2024-10-10T19:06:28","guid":{"rendered":"https:\/\/elektromobil-ersatzteile.ch\/?page_id=7596"},"modified":"2025-01-21T20:58:19","modified_gmt":"2025-01-21T20:58:19","slug":"lieferbedingungen","status":"publish","type":"page","link":"https:\/\/elektromobil-ersatzteile.ch\/fr\/lieferbedingungen\/","title":{"rendered":"Conditions de livraison"},"content":{"rendered":"<div data-elementor-type=\"wp-page\" data-elementor-id=\"7596\" class=\"elementor elementor-7596\">\n\t\t\t\t<div class=\"elementor-element elementor-element-ee9b872 e-flex e-con-boxed e-con e-parent\" data-id=\"ee9b872\" data-element_type=\"container\" data-e-type=\"container\">\n\t\t\t\t\t<div class=\"e-con-inner\">\n\t\t\t\t<div class=\"elementor-element elementor-element-f2b6892 elementor-widget elementor-widget-heading\" data-id=\"f2b6892\" data-element_type=\"widget\" data-e-type=\"widget\" data-widget_type=\"heading.default\">\n\t\t\t\t<div class=\"elementor-widget-container\">\n\t\t\t\t\t<h2 class=\"elementor-heading-title elementor-size-default\">Conditions de livraison<\/h2>\t\t\t\t<\/div>\n\t\t\t\t<\/div>\n\t\t\t\t<div class=\"elementor-element elementor-element-7bab1e8 elementor-widget elementor-widget-text-editor\" data-id=\"7bab1e8\" data-element_type=\"widget\" data-e-type=\"widget\" data-widget_type=\"text-editor.default\">\n\t\t\t\t<div class=\"elementor-widget-container\">\n\t\t\t\t\t\t\t\t\tAb Lager verf\u00fcgbare Artikel werden in der Regel innerhalb nach Zahlungseingang ausgeliefert. In keinem Fall begr\u00fcnden Lieferverz\u00f6gerungen Schadenersatzanspr\u00fcche oder ein R\u00fccktrittsrecht vom Vertrag. Lieferungen resp. Versand erfolgen auf Kosten und Gefahr des Kunden. <br\/>In Zeiten mit erh\u00f6htem Auftragsvolumen ist mit l\u00e4ngeren Lieferzeiten zu rechnen.\n<br\/><br\/>\n<strong>Notre prestataire de services d&#039;exp\u00e9dition est la Poste Suisse.<\/strong>\n<br\/><br\/>\n<h5>Notre adresse de retour est :<\/h5>\nGentomobil GmbH<br\/>Gewerbestrasse 1A<br\/>5314 Kleind\u00f6ttingen\t\t\t\t\t\t\t\t<\/div>\n\t\t\t\t<\/div>\n\t\t\t\t\t<\/div>\n\t\t\t\t<\/div>\n\t\t\t\t<\/div>","protected":false},"excerpt":{"rendered":"<p>Lieferbedingungen Ab Lager verf\u00fcgbare Artikel werden in der Regel innerhalb nach Zahlungseingang ausgeliefert. In keinem Fall begr\u00fcnden Lieferverz\u00f6gerungen Schadenersatzanspr\u00fcche oder ein R\u00fccktrittsrecht vom Vertrag. Lieferungen resp. Versand erfolgen auf Kosten und Gefahr des Kunden. In Zeiten mit erh\u00f6htem Auftragsvolumen ist mit l\u00e4ngeren Lieferzeiten zu rechnen. Unser Versanddienstleister ist die Schweizerische Post. Unsere R\u00fccksendeadresse lautet: Gentomobil [&hellip;]<\/p>\n","protected":false},"author":1,"featured_media":0,"parent":0,"menu_order":0,"comment_status":"closed","ping_status":"closed","template":"","meta":{"_uag_custom_page_level_css":"","site-sidebar-layout":"no-sidebar","site-content-layout":"page-builder","ast-site-content-layout":"full-width-container","site-content-style":"unboxed","site-sidebar-style":"unboxed","ast-global-header-display":"","ast-banner-title-visibility":"","ast-main-header-display":"","ast-hfb-above-header-display":"","ast-hfb-below-header-display":"","ast-hfb-mobile-header-display":"","site-post-title":"disabled","ast-breadcrumbs-content":"","ast-featured-img":"disabled","footer-sml-layout":"","ast-disable-related-posts":"","theme-transparent-header-meta":"","adv-header-id-meta":"","stick-header-meta":"","header-above-stick-meta":"","header-main-stick-meta":"","header-below-stick-meta":"","astra-migrate-meta-layouts":"set","ast-page-background-enabled":"default","ast-page-background-meta":{"desktop":{"background-color":"","background-image":"","background-repeat":"repeat","background-position":"center center","background-size":"auto","background-attachment":"scroll","background-type":"","background-media":"","overlay-type":"","overlay-color":"","overlay-opacity":"","overlay-gradient":""},"tablet":{"background-color":"","background-image":"","background-repeat":"repeat","background-position":"center center","background-size":"auto","background-attachment":"scroll","background-type":"","background-media":"","overlay-type":"","overlay-color":"","overlay-opacity":"","overlay-gradient":""},"mobile":{"background-color":"","background-image":"","background-repeat":"repeat","background-position":"center center","background-size":"auto","background-attachment":"scroll","background-type":"","background-media":"","overlay-type":"","overlay-color":"","overlay-opacity":"","overlay-gradient":""}},"ast-content-background-meta":{"desktop":{"background-color":"var(--ast-global-color-5)","background-image":"","background-repeat":"repeat","background-position":"center center","background-size":"auto","background-attachment":"scroll","background-type":"","background-media":"","overlay-type":"","overlay-color":"","overlay-opacity":"","overlay-gradient":""},"tablet":{"background-color":"var(--ast-global-color-5)","background-image":"","background-repeat":"repeat","background-position":"center center","background-size":"auto","background-attachment":"scroll","background-type":"","background-media":"","overlay-type":"","overlay-color":"","overlay-opacity":"","overlay-gradient":""},"mobile":{"background-color":"var(--ast-global-color-5)","background-image":"","background-repeat":"repeat","background-position":"center center","background-size":"auto","background-attachment":"scroll","background-type":"","background-media":"","overlay-type":"","overlay-color":"","overlay-opacity":"","overlay-gradient":""}},"footnotes":""},"class_list":["post-7596","page","type-page","status-publish","hentry"],"aioseo_notices":[],"uagb_featured_image_src":{"full":false,"thumbnail":false,"medium":false,"medium_large":false,"large":false,"1536x1536":false,"2048x2048":false,"trp-custom-language-flag":false,"woocommerce_thumbnail":false,"woocommerce_single":false,"woocommerce_gallery_thumbnail":false},"uagb_author_info":{"display_name":"gencturk.tolga","author_link":"https:\/\/elektromobil-ersatzteile.ch\/fr\/author\/gencturk-tolga\/"},"uagb_comment_info":0,"uagb_excerpt":"Lieferbedingungen Ab Lager verf\u00fcgbare Artikel werden in der Regel innerhalb nach Zahlungseingang ausgeliefert. In keinem Fall begr\u00fcnden Lieferverz\u00f6gerungen Schadenersatzanspr\u00fcche oder ein R\u00fccktrittsrecht vom Vertrag. Lieferungen resp. Versand erfolgen auf Kosten und Gefahr des Kunden. In Zeiten mit erh\u00f6htem Auftragsvolumen ist mit l\u00e4ngeren Lieferzeiten zu rechnen. Unser Versanddienstleister ist die Schweizerische Post. Unsere R\u00fccksendeadresse lautet: Gentomobil\u2026","_links":{"self":[{"href":"https:\/\/elektromobil-ersatzteile.ch\/fr\/wp-json\/wp\/v2\/pages\/7596","targetHints":{"allow":["GET"]}}],"collection":[{"href":"https:\/\/elektromobil-ersatzteile.ch\/fr\/wp-json\/wp\/v2\/pages"}],"about":[{"href":"https:\/\/elektromobil-ersatzteile.ch\/fr\/wp-json\/wp\/v2\/types\/page"}],"author":[{"embeddable":true,"href":"https:\/\/elektromobil-ersatzteile.ch\/fr\/wp-json\/wp\/v2\/users\/1"}],"replies":[{"embeddable":true,"href":"https:\/\/elektromobil-ersatzteile.ch\/fr\/wp-json\/wp\/v2\/comments?post=7596"}],"version-history":[{"count":10,"href":"https:\/\/elektromobil-ersatzteile.ch\/fr\/wp-json\/wp\/v2\/pages\/7596\/revisions"}],"predecessor-version":[{"id":8059,"href":"https:\/\/elektromobil-ersatzteile.ch\/fr\/wp-json\/wp\/v2\/pages\/7596\/revisions\/8059"}],"wp:attachment":[{"href":"https:\/\/elektromobil-ersatzteile.ch\/fr\/wp-json\/wp\/v2\/media?parent=7596"}],"curies":[{"name":"wp","href":"https:\/\/api.w.org\/{rel}","templated":true}]}}