{"id":7581,"date":"2024-10-10T18:44:06","date_gmt":"2024-10-10T18:44:06","guid":{"rendered":"https:\/\/elektromobil-ersatzteile.ch\/?page_id=7581"},"modified":"2025-01-21T21:03:17","modified_gmt":"2025-01-21T21:03:17","slug":"ruckgaberecht","status":"publish","type":"page","link":"https:\/\/elektromobil-ersatzteile.ch\/fr\/ruckgaberecht\/","title":{"rendered":"Politique de retour"},"content":{"rendered":"<div data-elementor-type=\"wp-page\" data-elementor-id=\"7581\" class=\"elementor elementor-7581\">\n\t\t\t\t<div class=\"elementor-element elementor-element-0e6fbc1 e-flex e-con-boxed e-con e-parent\" data-id=\"0e6fbc1\" data-element_type=\"container\" data-e-type=\"container\">\n\t\t\t\t\t<div class=\"e-con-inner\">\n\t\t\t\t<div class=\"elementor-element elementor-element-bf5529d elementor-widget elementor-widget-heading\" data-id=\"bf5529d\" data-element_type=\"widget\" data-e-type=\"widget\" data-widget_type=\"heading.default\">\n\t\t\t\t<div class=\"elementor-widget-container\">\n\t\t\t\t\t<h2 class=\"elementor-heading-title elementor-size-default\">Politique de retour<\/h2>\t\t\t\t<\/div>\n\t\t\t\t<\/div>\n\t\t\t\t\t<\/div>\n\t\t\t\t<\/div>\n\t\t<div class=\"elementor-element elementor-element-8ec037d e-flex e-con-boxed e-con e-parent\" data-id=\"8ec037d\" data-element_type=\"container\" data-e-type=\"container\">\n\t\t\t\t\t<div class=\"e-con-inner\">\n\t\t\t\t<div class=\"elementor-element elementor-element-e510637 elementor-widget elementor-widget-text-editor\" data-id=\"e510637\" data-element_type=\"widget\" data-e-type=\"widget\" data-widget_type=\"text-editor.default\">\n\t\t\t\t<div class=\"elementor-widget-container\">\n\t\t\t\t\t\t\t\t\t<p>\u00a0<\/p><p id=\"doc-1hf6na8dr5\" class=\"\">Vous avez le droit de r\u00e9silier ce contrat dans un d\u00e9lai de quatorze jours sans donner de motif.<\/p><p id=\"doc-1hf6na8dr6\" class=\"\">Le d\u00e9lai de r\u00e9tractation est de quatorze jours \u00e0 compter du jour o\u00f9 vous ou un tiers d\u00e9sign\u00e9 par vous qui n&#039;est pas le transporteur avez pris possession de la marchandise.<\/p><p id=\"doc-1hf6na8ds3\" class=\"\">Pour exercer votre droit de r\u00e9tractation, vous devez nous contacter \u00e0 Gentomobil GmbH Gewerbestrasse 1A, 5314 Kleind\u00f6ttingen. T\u00e9l. : <span class=\"baec5a81-e4d6-4674-97f3-e9220f0136c1\">+41 555 81 61, <\/span>E-mail : info@elektromobil-satzteile.ch au moyen d&#039;une d\u00e9claration claire (par exemple une lettre envoy\u00e9e par courrier ou par e-mail) concernant votre d\u00e9cision de r\u00e9voquer ce contrat. Vous pouvez utiliser l\u2019exemple de formulaire d\u2019annulation ci-joint qui est inclus dans le forfait. Toutefois, cela n\u2019est pas obligatoire.<\/p><p class=\"\">Si vous utilisez cette possibilit\u00e9, nous vous enverrons imm\u00e9diatement une confirmation (par exemple par e-mail) de la r\u00e9ception d&#039;une telle r\u00e9vocation.<\/p><p id=\"doc-1hf6na8ds4\" class=\"\">Afin de respecter le d\u00e9lai de r\u00e9tractation, il suffit que vous envoyiez la notification de votre exercice du droit de r\u00e9tractation avant l&#039;expiration du d\u00e9lai de r\u00e9tractation.<\/p><h4 id=\"Folgen-des-Widerrufs\" class=\"h2\">Cons\u00e9quences de la r\u00e9vocation<\/h4><p id=\"doc-1hf6na8ds6\" class=\"\">Si vous r\u00e9voquez ce contrat, nous devons vous rembourser les paiements que nous avons re\u00e7us de votre part imm\u00e9diatement et au plus tard quatorze jours \u00e0 compter du jour o\u00f9 nous avons re\u00e7u la notification de votre r\u00e9vocation de ce contrat. Pour ce remboursement, nous utilisons le m\u00eame mode de paiement que celui que vous avez utilis\u00e9 pour la transaction initiale, \u00e0 moins que quelque chose de diff\u00e9rent n&#039;ait \u00e9t\u00e9 express\u00e9ment convenu avec vous\u00a0; en aucun cas des frais ne vous seront factur\u00e9s du fait de ce remboursement. Nous pouvons refuser le remboursement jusqu&#039;\u00e0 ce que nous ayons re\u00e7u les marchandises ou jusqu&#039;\u00e0 ce que vous ayez fourni la preuve que vous avez renvoy\u00e9 les marchandises, la date la plus proche \u00e9tant retenue.<\/p><p id=\"doc-1hf6na8ds7\" class=\"\">Vous devez nous retourner ou nous remettre la marchandise imm\u00e9diatement et en tout cas au plus tard quatorze jours \u00e0 compter du jour o\u00f9 vous nous informez de votre r\u00e9siliation du pr\u00e9sent contrat. Le d\u00e9lai est respect\u00e9 si vous envoyez la marchandise avant l&#039;expiration du d\u00e9lai de quatorze jours. Vous supportez les frais directs de retour de la marchandise. Vous n&#039;\u00eates responsable de toute perte de valeur des marchandises que si cette perte de valeur est due \u00e0 une manipulation autre que celle n\u00e9cessaire pour \u00e9tablir la nature, les caract\u00e9ristiques et la fonctionnalit\u00e9 des marchandises.<\/p><p dir=\"LTR\" align=\"LEFT\">\u00a0<\/p>\t\t\t\t\t\t\t\t<\/div>\n\t\t\t\t<\/div>\n\t\t\t\t\t<\/div>\n\t\t\t\t<\/div>\n\t\t\t\t<\/div>","protected":false},"excerpt":{"rendered":"<p>R\u00fcckgaberecht Sie haben das Recht, binnen vierzehn Tagen ohne Angabe von Gr\u00fcnden diesen Vertrag zu widerrufen. Die Widerrufsfrist betr\u00e4gt vierzehn Tage ab dem Tag, an dem Sie oder ein von Ihnen benannter Dritter, der nicht der Bef\u00f6rderer ist, die Waren in Besitz genommen haben bzw. hat. Um Ihr Widerrufsrecht auszu\u00fcben, m\u00fcssen Sie uns Gentomobil GmbH [&hellip;]<\/p>\n","protected":false},"author":1,"featured_media":0,"parent":0,"menu_order":0,"comment_status":"closed","ping_status":"closed","template":"","meta":{"_uag_custom_page_level_css":"","site-sidebar-layout":"no-sidebar","site-content-layout":"page-builder","ast-site-content-layout":"full-width-container","site-content-style":"default","site-sidebar-style":"default","ast-global-header-display":"","ast-banner-title-visibility":"","ast-main-header-display":"","ast-hfb-above-header-display":"","ast-hfb-below-header-display":"","ast-hfb-mobile-header-display":"","site-post-title":"disabled","ast-breadcrumbs-content":"","ast-featured-img":"disabled","footer-sml-layout":"","ast-disable-related-posts":"","theme-transparent-header-meta":"","adv-header-id-meta":"","stick-header-meta":"","header-above-stick-meta":"","header-main-stick-meta":"","header-below-stick-meta":"","astra-migrate-meta-layouts":"set","ast-page-background-enabled":"default","ast-page-background-meta":{"desktop":{"background-color":"","background-image":"","background-repeat":"repeat","background-position":"center center","background-size":"auto","background-attachment":"scroll","background-type":"","background-media":"","overlay-type":"","overlay-color":"","overlay-opacity":"","overlay-gradient":""},"tablet":{"background-color":"","background-image":"","background-repeat":"repeat","background-position":"center center","background-size":"auto","background-attachment":"scroll","background-type":"","background-media":"","overlay-type":"","overlay-color":"","overlay-opacity":"","overlay-gradient":""},"mobile":{"background-color":"","background-image":"","background-repeat":"repeat","background-position":"center center","background-size":"auto","background-attachment":"scroll","background-type":"","background-media":"","overlay-type":"","overlay-color":"","overlay-opacity":"","overlay-gradient":""}},"ast-content-background-meta":{"desktop":{"background-color":"var(--ast-global-color-5)","background-image":"","background-repeat":"repeat","background-position":"center center","background-size":"auto","background-attachment":"scroll","background-type":"","background-media":"","overlay-type":"","overlay-color":"","overlay-opacity":"","overlay-gradient":""},"tablet":{"background-color":"var(--ast-global-color-5)","background-image":"","background-repeat":"repeat","background-position":"center center","background-size":"auto","background-attachment":"scroll","background-type":"","background-media":"","overlay-type":"","overlay-color":"","overlay-opacity":"","overlay-gradient":""},"mobile":{"background-color":"var(--ast-global-color-5)","background-image":"","background-repeat":"repeat","background-position":"center center","background-size":"auto","background-attachment":"scroll","background-type":"","background-media":"","overlay-type":"","overlay-color":"","overlay-opacity":"","overlay-gradient":""}},"footnotes":""},"class_list":["post-7581","page","type-page","status-publish","hentry"],"aioseo_notices":[],"uagb_featured_image_src":{"full":false,"thumbnail":false,"medium":false,"medium_large":false,"large":false,"1536x1536":false,"2048x2048":false,"trp-custom-language-flag":false,"woocommerce_thumbnail":false,"woocommerce_single":false,"woocommerce_gallery_thumbnail":false},"uagb_author_info":{"display_name":"gencturk.tolga","author_link":"https:\/\/elektromobil-ersatzteile.ch\/fr\/author\/gencturk-tolga\/"},"uagb_comment_info":0,"uagb_excerpt":"R\u00fcckgaberecht Sie haben das Recht, binnen vierzehn Tagen ohne Angabe von Gr\u00fcnden diesen Vertrag zu widerrufen. Die Widerrufsfrist betr\u00e4gt vierzehn Tage ab dem Tag, an dem Sie oder ein von Ihnen benannter Dritter, der nicht der Bef\u00f6rderer ist, die Waren in Besitz genommen haben bzw. hat. Um Ihr Widerrufsrecht auszu\u00fcben, m\u00fcssen Sie uns Gentomobil GmbH\u2026","_links":{"self":[{"href":"https:\/\/elektromobil-ersatzteile.ch\/fr\/wp-json\/wp\/v2\/pages\/7581","targetHints":{"allow":["GET"]}}],"collection":[{"href":"https:\/\/elektromobil-ersatzteile.ch\/fr\/wp-json\/wp\/v2\/pages"}],"about":[{"href":"https:\/\/elektromobil-ersatzteile.ch\/fr\/wp-json\/wp\/v2\/types\/page"}],"author":[{"embeddable":true,"href":"https:\/\/elektromobil-ersatzteile.ch\/fr\/wp-json\/wp\/v2\/users\/1"}],"replies":[{"embeddable":true,"href":"https:\/\/elektromobil-ersatzteile.ch\/fr\/wp-json\/wp\/v2\/comments?post=7581"}],"version-history":[{"count":11,"href":"https:\/\/elektromobil-ersatzteile.ch\/fr\/wp-json\/wp\/v2\/pages\/7581\/revisions"}],"predecessor-version":[{"id":8065,"href":"https:\/\/elektromobil-ersatzteile.ch\/fr\/wp-json\/wp\/v2\/pages\/7581\/revisions\/8065"}],"wp:attachment":[{"href":"https:\/\/elektromobil-ersatzteile.ch\/fr\/wp-json\/wp\/v2\/media?parent=7581"}],"curies":[{"name":"wp","href":"https:\/\/api.w.org\/{rel}","templated":true}]}}